{"id":22526,"date":"2022-12-01T14:59:59","date_gmt":"2022-12-01T14:59:59","guid":{"rendered":"https:\/\/lagirlusa.eu\/producto\/la-girl-lapiz-de-labios-automatico-ultimate-intense\/"},"modified":"2024-11-29T11:24:58","modified_gmt":"2024-11-29T11:24:58","slug":"la-girl-lapiz-de-labios-automatico-ultimate-intense","status":"publish","type":"product","link":"https:\/\/lagirlusa.eu\/en\/product\/la-girl-lapiz-de-labios-automatico-ultimate-intense\/","title":{"rendered":"L\u00e1piz de Labios Autom\u00e1tico Ultimate Intense"},"content":{"rendered":"<h4>Modo de<br \/>\nuso<\/h4>\n<p>Delinear los labios superiores e inferiores como se<br \/>\ndesee. Terminar aplicando la barra de labios o el brillo. El producto tambi\u00e9n<br \/>\npuede utilizarse para rellenar los labios. Cree un aspecto contorneado<br \/>\nutilizando dos tonos de perfilador. Delinee y rellene los bordes de los<br \/>\nlabios con un tono m\u00e1s oscuro. A continuaci\u00f3n, rellene el centro de los<br \/>\nlabios con un tono m\u00e1s claro para conseguir un aspecto m\u00e1s<br \/>\nvoluminoso.<\/p>\n<h4>Ingredientes<\/h4>\n<p>ISODODECANE,<br \/>\nPOLYETHYLENE, SYNTHETIC WAX, BIS-DIGLYCERYL POLYACYLADIPATE-2, HYDROGENATED<br \/>\nPOLYDICYCLOPENTADIENE, ETHYLENE\/PROPYLENE COPOLYMER, POLYBUTENE,<br \/>\nOCTYLDODECANOL,\u00a0 SILICA, PENTAERYTHRITYL<br \/>\nTETRA-DI-T-BUTYL HYDROXYHYDROCINNAMATE. MAY CONTAIN\/ PEUT CONTENIR : IRON<br \/>\nOXIDES (CI 77491, CI 77492, CI 77499), MICA (CI 77019), TITANIUM DIOXIDE (CI<br \/>\n77891), YELLOW 5 LAKE (CI 19140), YELLOW 6 LAKE (CI 15985), RED 7 LAKE (CI<br \/>\n15850), RED 22 LAKE (CI 45380), RED 28 LAKE (CI 45410), MANGANESE VIOLET (CI<br \/>\n77742), BLUE 1 LAKE (CI<br \/>\n42090).<\/p>\n<p>Vegano:SI<\/p>\n<p>Parabern<br \/>\nfreeSI<\/p>\n<p>Fragance free:SI<\/p>\n","protected":false},"excerpt":{"rendered":"<p>\u00a1Define tus labios con un color duradero! Su f\u00f3rmula extremadamente suave es a prueba de manchas y tiene un acabado mate. Se aplica de manera f\u00e1cil, c\u00f3moda y r\u00e1pida. Dermat\u00f3logo probado y libre de conservantes.<\/p>\n","protected":false},"featured_media":20052,"comment_status":"closed","ping_status":"closed","template":"","meta":[],"product_brand":[],"product_cat":[1055],"product_tag":[],"class_list":{"0":"post-22526","1":"product","2":"type-product","3":"status-publish","4":"has-post-thumbnail","6":"product_cat-lipliner","8":"first","9":"instock","10":"shipping-taxable","11":"purchasable","12":"product-type-variable"},"yoast_head":"<!-- This site is optimized with the Yoast SEO plugin v27.2 - https:\/\/yoast.com\/product\/yoast-seo-wordpress\/ -->\n<title>L\u00e1piz de Labios Autom\u00e1tico Ultimate Intense - L.A. Girl<\/title>\n<meta name=\"robots\" content=\"index, follow, max-snippet:-1, max-image-preview:large, max-video-preview:-1\" \/>\n<link rel=\"canonical\" href=\"https:\/\/lagirlusa.eu\/en\/product\/la-girl-lapiz-de-labios-automatico-ultimate-intense\/\" \/>\n<meta property=\"og:locale\" content=\"en_US\" \/>\n<meta property=\"og:type\" content=\"article\" \/>\n<meta property=\"og:title\" content=\"L\u00e1piz de Labios Autom\u00e1tico Ultimate Intense - L.A. Girl\" \/>\n<meta property=\"og:description\" content=\"\u00a1Define tus labios con un color duradero! Su f\u00f3rmula extremadamente suave es a prueba de manchas y tiene un acabado mate. Se aplica de manera f\u00e1cil, c\u00f3moda y r\u00e1pida. Dermat\u00f3logo probado y libre de conservantes.\" \/>\n<meta property=\"og:url\" content=\"https:\/\/lagirlusa.eu\/en\/product\/la-girl-lapiz-de-labios-automatico-ultimate-intense\/\" \/>\n<meta property=\"og:site_name\" content=\"L.A. Girl\" \/>\n<meta property=\"article:modified_time\" content=\"2024-11-29T11:24:58+00:00\" \/>\n<meta property=\"og:image\" content=\"https:\/\/lagirlusa.eu\/wp-content\/uploads\/2022\/12\/GP342@0.jpg\" \/>\n\t<meta property=\"og:image:width\" content=\"800\" \/>\n\t<meta property=\"og:image:height\" content=\"800\" \/>\n\t<meta property=\"og:image:type\" content=\"image\/jpeg\" \/>\n<meta name=\"twitter:card\" content=\"summary_large_image\" \/>\n<meta name=\"twitter:label1\" content=\"Est. reading time\" \/>\n\t<meta name=\"twitter:data1\" content=\"1 minute\" \/>\n<script type=\"application\/ld+json\" class=\"yoast-schema-graph\">{\"@context\":\"https:\/\/schema.org\",\"@graph\":[{\"@type\":\"WebPage\",\"@id\":\"https:\/\/lagirlusa.eu\/en\/product\/la-girl-lapiz-de-labios-automatico-ultimate-intense\/\",\"url\":\"https:\/\/lagirlusa.eu\/en\/product\/la-girl-lapiz-de-labios-automatico-ultimate-intense\/\",\"name\":\"L\u00e1piz de Labios Autom\u00e1tico Ultimate Intense - L.A. Girl\",\"isPartOf\":{\"@id\":\"https:\/\/lagirlusa.eu\/en\/#website\"},\"primaryImageOfPage\":{\"@id\":\"https:\/\/lagirlusa.eu\/en\/product\/la-girl-lapiz-de-labios-automatico-ultimate-intense\/#primaryimage\"},\"image\":{\"@id\":\"https:\/\/lagirlusa.eu\/en\/product\/la-girl-lapiz-de-labios-automatico-ultimate-intense\/#primaryimage\"},\"thumbnailUrl\":\"https:\/\/lagirlusa.eu\/wp-content\/uploads\/2022\/12\/GP342@0.jpg\",\"datePublished\":\"2022-12-01T14:59:59+00:00\",\"dateModified\":\"2024-11-29T11:24:58+00:00\",\"breadcrumb\":{\"@id\":\"https:\/\/lagirlusa.eu\/en\/product\/la-girl-lapiz-de-labios-automatico-ultimate-intense\/#breadcrumb\"},\"inLanguage\":\"en-US\",\"potentialAction\":[{\"@type\":\"ReadAction\",\"target\":[\"https:\/\/lagirlusa.eu\/en\/product\/la-girl-lapiz-de-labios-automatico-ultimate-intense\/\"]}]},{\"@type\":\"ImageObject\",\"inLanguage\":\"en-US\",\"@id\":\"https:\/\/lagirlusa.eu\/en\/product\/la-girl-lapiz-de-labios-automatico-ultimate-intense\/#primaryimage\",\"url\":\"https:\/\/lagirlusa.eu\/wp-content\/uploads\/2022\/12\/GP342@0.jpg\",\"contentUrl\":\"https:\/\/lagirlusa.eu\/wp-content\/uploads\/2022\/12\/GP342@0.jpg\",\"width\":800,\"height\":800},{\"@type\":\"BreadcrumbList\",\"@id\":\"https:\/\/lagirlusa.eu\/en\/product\/la-girl-lapiz-de-labios-automatico-ultimate-intense\/#breadcrumb\",\"itemListElement\":[{\"@type\":\"ListItem\",\"position\":1,\"name\":\"Portada\",\"item\":\"https:\/\/lagirlusa.eu\/en\/\"},{\"@type\":\"ListItem\",\"position\":2,\"name\":\"Shop\",\"item\":\"https:\/\/lagirlusa.eu\/en\/shop\/\"},{\"@type\":\"ListItem\",\"position\":3,\"name\":\"L\u00e1piz de Labios Autom\u00e1tico Ultimate Intense\"}]},{\"@type\":\"WebSite\",\"@id\":\"https:\/\/lagirlusa.eu\/en\/#website\",\"url\":\"https:\/\/lagirlusa.eu\/en\/\",\"name\":\"L.A. Girl\",\"description\":\"Cosm\u00e9tica de EEUU\",\"potentialAction\":[{\"@type\":\"SearchAction\",\"target\":{\"@type\":\"EntryPoint\",\"urlTemplate\":\"https:\/\/lagirlusa.eu\/en\/?s={search_term_string}\"},\"query-input\":{\"@type\":\"PropertyValueSpecification\",\"valueRequired\":true,\"valueName\":\"search_term_string\"}}],\"inLanguage\":\"en-US\"}]}<\/script>\n<!-- \/ Yoast SEO plugin. -->","yoast_head_json":{"title":"L\u00e1piz de Labios Autom\u00e1tico Ultimate Intense - L.A. Girl","robots":{"index":"index","follow":"follow","max-snippet":"max-snippet:-1","max-image-preview":"max-image-preview:large","max-video-preview":"max-video-preview:-1"},"canonical":"https:\/\/lagirlusa.eu\/en\/product\/la-girl-lapiz-de-labios-automatico-ultimate-intense\/","og_locale":"en_US","og_type":"article","og_title":"L\u00e1piz de Labios Autom\u00e1tico Ultimate Intense - L.A. Girl","og_description":"\u00a1Define tus labios con un color duradero! Su f\u00f3rmula extremadamente suave es a prueba de manchas y tiene un acabado mate. Se aplica de manera f\u00e1cil, c\u00f3moda y r\u00e1pida. Dermat\u00f3logo probado y libre de conservantes.","og_url":"https:\/\/lagirlusa.eu\/en\/product\/la-girl-lapiz-de-labios-automatico-ultimate-intense\/","og_site_name":"L.A. Girl","article_modified_time":"2024-11-29T11:24:58+00:00","og_image":[{"width":800,"height":800,"url":"https:\/\/lagirlusa.eu\/wp-content\/uploads\/2022\/12\/GP342@0.jpg","type":"image\/jpeg"}],"twitter_card":"summary_large_image","twitter_misc":{"Est. reading time":"1 minute"},"schema":{"@context":"https:\/\/schema.org","@graph":[{"@type":"WebPage","@id":"https:\/\/lagirlusa.eu\/en\/product\/la-girl-lapiz-de-labios-automatico-ultimate-intense\/","url":"https:\/\/lagirlusa.eu\/en\/product\/la-girl-lapiz-de-labios-automatico-ultimate-intense\/","name":"L\u00e1piz de Labios Autom\u00e1tico Ultimate Intense - L.A. Girl","isPartOf":{"@id":"https:\/\/lagirlusa.eu\/en\/#website"},"primaryImageOfPage":{"@id":"https:\/\/lagirlusa.eu\/en\/product\/la-girl-lapiz-de-labios-automatico-ultimate-intense\/#primaryimage"},"image":{"@id":"https:\/\/lagirlusa.eu\/en\/product\/la-girl-lapiz-de-labios-automatico-ultimate-intense\/#primaryimage"},"thumbnailUrl":"https:\/\/lagirlusa.eu\/wp-content\/uploads\/2022\/12\/GP342@0.jpg","datePublished":"2022-12-01T14:59:59+00:00","dateModified":"2024-11-29T11:24:58+00:00","breadcrumb":{"@id":"https:\/\/lagirlusa.eu\/en\/product\/la-girl-lapiz-de-labios-automatico-ultimate-intense\/#breadcrumb"},"inLanguage":"en-US","potentialAction":[{"@type":"ReadAction","target":["https:\/\/lagirlusa.eu\/en\/product\/la-girl-lapiz-de-labios-automatico-ultimate-intense\/"]}]},{"@type":"ImageObject","inLanguage":"en-US","@id":"https:\/\/lagirlusa.eu\/en\/product\/la-girl-lapiz-de-labios-automatico-ultimate-intense\/#primaryimage","url":"https:\/\/lagirlusa.eu\/wp-content\/uploads\/2022\/12\/GP342@0.jpg","contentUrl":"https:\/\/lagirlusa.eu\/wp-content\/uploads\/2022\/12\/GP342@0.jpg","width":800,"height":800},{"@type":"BreadcrumbList","@id":"https:\/\/lagirlusa.eu\/en\/product\/la-girl-lapiz-de-labios-automatico-ultimate-intense\/#breadcrumb","itemListElement":[{"@type":"ListItem","position":1,"name":"Portada","item":"https:\/\/lagirlusa.eu\/en\/"},{"@type":"ListItem","position":2,"name":"Shop","item":"https:\/\/lagirlusa.eu\/en\/shop\/"},{"@type":"ListItem","position":3,"name":"L\u00e1piz de Labios Autom\u00e1tico Ultimate Intense"}]},{"@type":"WebSite","@id":"https:\/\/lagirlusa.eu\/en\/#website","url":"https:\/\/lagirlusa.eu\/en\/","name":"L.A. Girl","description":"Cosm\u00e9tica de EEUU","potentialAction":[{"@type":"SearchAction","target":{"@type":"EntryPoint","urlTemplate":"https:\/\/lagirlusa.eu\/en\/?s={search_term_string}"},"query-input":{"@type":"PropertyValueSpecification","valueRequired":true,"valueName":"search_term_string"}}],"inLanguage":"en-US"}]}},"_links":{"self":[{"href":"https:\/\/lagirlusa.eu\/en\/wp-json\/wp\/v2\/product\/22526","targetHints":{"allow":["GET"]}}],"collection":[{"href":"https:\/\/lagirlusa.eu\/en\/wp-json\/wp\/v2\/product"}],"about":[{"href":"https:\/\/lagirlusa.eu\/en\/wp-json\/wp\/v2\/types\/product"}],"replies":[{"embeddable":true,"href":"https:\/\/lagirlusa.eu\/en\/wp-json\/wp\/v2\/comments?post=22526"}],"wp:featuredmedia":[{"embeddable":true,"href":"https:\/\/lagirlusa.eu\/en\/wp-json\/wp\/v2\/media\/20052"}],"wp:attachment":[{"href":"https:\/\/lagirlusa.eu\/en\/wp-json\/wp\/v2\/media?parent=22526"}],"wp:term":[{"taxonomy":"product_brand","embeddable":true,"href":"https:\/\/lagirlusa.eu\/en\/wp-json\/wp\/v2\/product_brand?post=22526"},{"taxonomy":"product_cat","embeddable":true,"href":"https:\/\/lagirlusa.eu\/en\/wp-json\/wp\/v2\/product_cat?post=22526"},{"taxonomy":"product_tag","embeddable":true,"href":"https:\/\/lagirlusa.eu\/en\/wp-json\/wp\/v2\/product_tag?post=22526"}],"curies":[{"name":"wp","href":"https:\/\/api.w.org\/{rel}","templated":true}]}}